{"id":36,"date":"2023-01-18T16:18:54","date_gmt":"2023-01-18T15:18:54","guid":{"rendered":"http:\/\/bavqgmh.cluster029.hosting.ovh.net\/?page_id=36"},"modified":"2023-02-26T10:52:49","modified_gmt":"2023-02-26T09:52:49","slug":"contact","status":"publish","type":"page","link":"https:\/\/www.lepalaisdesglaceslelavandou.com\/index.php\/contact\/","title":{"rendered":"Contact"},"content":{"rendered":"\t\t<div data-elementor-type=\"wp-page\" data-elementor-id=\"36\" class=\"elementor elementor-36\">\n\t\t\t\t\t\t<section class=\"elementor-section elementor-top-section elementor-element elementor-element-fbc982b elementor-section-boxed elementor-section-height-default elementor-section-height-default\" data-id=\"fbc982b\" data-element_type=\"section\" data-e-type=\"section\">\n\t\t\t\t\t\t<div class=\"elementor-container elementor-column-gap-default\">\n\t\t\t\t\t<div class=\"elementor-column elementor-col-100 elementor-top-column elementor-element elementor-element-e133ed1\" data-id=\"e133ed1\" data-element_type=\"column\" data-e-type=\"column\">\n\t\t\t<div class=\"elementor-widget-wrap elementor-element-populated\">\n\t\t\t\t\t\t<div class=\"elementor-element elementor-element-6b9d0f0 elementor-widget elementor-widget-text-editor\" data-id=\"6b9d0f0\" data-element_type=\"widget\" data-e-type=\"widget\" data-widget_type=\"text-editor.default\">\n\t\t\t\t<div class=\"elementor-widget-container\">\n\t\t\t\t\t\t\t\t\t<p>N&rsquo;h\u00e9sitez pas \u00e0 nous contacter par t\u00e9l\u00e9phone ou \u00e0 nous envoyer un message via le formulaire de contact et nous vous r\u00e9pondrons d\u00e8s que possible.<\/p><p>Thomas et toute l&rsquo;\u00e9quipe du Palais des Glaces<br \/><a href=\"tel:+33626453882\">06 26 45 38 82<\/a><\/p>\t\t\t\t\t\t\t\t<\/div>\n\t\t\t\t<\/div>\n\t\t\t\t<div class=\"elementor-element elementor-element-5e5c0b4 elementor-widget elementor-widget-shortcode\" data-id=\"5e5c0b4\" data-element_type=\"widget\" data-e-type=\"widget\" data-widget_type=\"shortcode.default\">\n\t\t\t\t<div class=\"elementor-widget-container\">\n\t\t\t\t\t\t\t<div class=\"elementor-shortcode\"><div class=\"wpforms-container wpforms-container-full\" id=\"wpforms-41\"><form id=\"wpforms-form-41\" class=\"wpforms-validate wpforms-form wpforms-ajax-form\" data-formid=\"41\" method=\"post\" enctype=\"multipart\/form-data\" action=\"\/index.php\/wp-json\/wp\/v2\/pages\/36\" data-token=\"4fe3e8d4ec59bc22a204b17f434058c5\"><noscript class=\"wpforms-error-noscript\">Veuillez activer JavaScript dans votre navigateur pour remplir ce formulaire.<\/noscript><div class=\"wpforms-field-container\"><div id=\"wpforms-41-field_0-container\" class=\"wpforms-field wpforms-field-name\" data-field-id=\"0\"><label class=\"wpforms-field-label\" for=\"wpforms-41-field_0\">Contact <span class=\"wpforms-required-label\">*<\/span><\/label><div class=\"wpforms-field-row wpforms-field-medium\"><div class=\"wpforms-field-row-block wpforms-first wpforms-one-half\"><input type=\"text\" id=\"wpforms-41-field_0\" class=\"wpforms-field-name-first wpforms-field-required\" name=\"wpforms[fields][0][first]\" required><label for=\"wpforms-41-field_0\" class=\"wpforms-field-sublabel after \">Pr\u00e9nom<\/label><\/div><div class=\"wpforms-field-row-block wpforms-one-half\"><input type=\"text\" id=\"wpforms-41-field_0-last\" class=\"wpforms-field-name-last wpforms-field-required\" name=\"wpforms[fields][0][last]\" required><label for=\"wpforms-41-field_0-last\" class=\"wpforms-field-sublabel after \">Nom<\/label><\/div><\/div><\/div><div id=\"wpforms-41-field_1-container\" class=\"wpforms-field wpforms-field-email\" data-field-id=\"1\"><label class=\"wpforms-field-label\" for=\"wpforms-41-field_1\">E-mail <span class=\"wpforms-required-label\">*<\/span><\/label><input type=\"email\" id=\"wpforms-41-field_1\" class=\"wpforms-field-medium wpforms-field-required\" name=\"wpforms[fields][1]\" required><\/div><div id=\"wpforms-41-field_3-container\" class=\"wpforms-field wpforms-field-text\" data-field-id=\"3\"><label class=\"wpforms-field-label\" for=\"wpforms-41-field_3\">T\u00e9l\u00e9phone<\/label><input type=\"text\" id=\"wpforms-41-field_3\" class=\"wpforms-field-medium\" name=\"wpforms[fields][3]\" ><\/div><div id=\"wpforms-41-field_2-container\" class=\"wpforms-field wpforms-field-textarea\" data-field-id=\"2\"><label class=\"wpforms-field-label\" for=\"wpforms-41-field_2\">Message<\/label><textarea id=\"wpforms-41-field_2\" class=\"wpforms-field-medium\" name=\"wpforms[fields][2]\" ><\/textarea><\/div><\/div><div class=\"wpforms-submit-container\"><input type=\"hidden\" name=\"wpforms[id]\" value=\"41\"><input type=\"hidden\" name=\"wpforms[author]\" value=\"1\"><button type=\"submit\" name=\"wpforms[submit]\" id=\"wpforms-submit-41\" class=\"wpforms-submit\" data-alt-text=\"Envoi...\" data-submit-text=\"Envoyer\" aria-live=\"assertive\" value=\"wpforms-submit\">Envoyer<\/button><img decoding=\"async\" src=\"https:\/\/www.lepalaisdesglaceslelavandou.com\/wp-content\/plugins\/wpforms-lite\/assets\/images\/submit-spin.svg\" class=\"wpforms-submit-spinner\" style=\"display: none;\" width=\"26\" height=\"26\" alt=\"Chargement en cours\"><\/div><\/form><\/div>  <!-- .wpforms-container --><\/div>\n\t\t\t\t\t\t<\/div>\n\t\t\t\t<\/div>\n\t\t\t\t<div class=\"elementor-element elementor-element-e15c54f elementor-widget elementor-widget-google_maps\" data-id=\"e15c54f\" data-element_type=\"widget\" data-e-type=\"widget\" data-widget_type=\"google_maps.default\">\n\t\t\t\t<div class=\"elementor-widget-container\">\n\t\t\t\t\t\t\t<div class=\"elementor-custom-embed\">\n\t\t\t<iframe loading=\"lazy\"\n\t\t\t\t\tsrc=\"https:\/\/maps.google.com\/maps?q=le%20palais%20des%20glaces%20le%20lavandou&#038;t=m&#038;z=16&#038;output=embed&#038;iwloc=near\"\n\t\t\t\t\ttitle=\"le palais des glaces le lavandou\"\n\t\t\t\t\taria-label=\"le palais des glaces le lavandou\"\n\t\t\t><\/iframe>\n\t\t<\/div>\n\t\t\t\t\t\t<\/div>\n\t\t\t\t<\/div>\n\t\t\t\t\t<\/div>\n\t\t<\/div>\n\t\t\t\t\t<\/div>\n\t\t<\/section>\n\t\t\t\t<\/div>\n\t\t","protected":false},"excerpt":{"rendered":"<p>N&rsquo;h\u00e9sitez pas \u00e0 nous contacter par t\u00e9l\u00e9phone ou \u00e0 nous envoyer un message via le formulaire de contact et nous vous r\u00e9pondrons d\u00e8s que possible. Thomas et toute l&rsquo;\u00e9quipe du Palais des Glaces06 26 45 38 82<\/p>\n","protected":false},"author":1,"featured_media":0,"parent":0,"menu_order":0,"comment_status":"closed","ping_status":"closed","template":"","meta":{"om_disable_all_campaigns":false,"_monsterinsights_skip_tracking":false,"_monsterinsights_sitenote_active":false,"_monsterinsights_sitenote_note":"","_monsterinsights_sitenote_category":0,"footnotes":""},"class_list":["post-36","page","type-page","status-publish","hentry"],"yoast_head":"<!-- This site is optimized with the Yoast SEO plugin v20.1 - https:\/\/yoast.com\/wordpress\/plugins\/seo\/ -->\n<title>Contact - Le Palais des Glaces<\/title>\n<meta name=\"robots\" content=\"index, follow, max-snippet:-1, max-image-preview:large, max-video-preview:-1\" \/>\n<link rel=\"canonical\" href=\"https:\/\/www.lepalaisdesglaceslelavandou.com\/index.php\/contact\/\" \/>\n<meta property=\"og:locale\" content=\"fr_FR\" \/>\n<meta property=\"og:type\" content=\"article\" \/>\n<meta property=\"og:title\" content=\"Contact - Le Palais des Glaces\" \/>\n<meta property=\"og:description\" content=\"N&rsquo;h\u00e9sitez pas \u00e0 nous contacter par t\u00e9l\u00e9phone ou \u00e0 nous envoyer un message via le formulaire de contact et nous vous r\u00e9pondrons d\u00e8s que possible. Thomas et toute l&rsquo;\u00e9quipe du Palais des Glaces06 26 45 38 82\" \/>\n<meta property=\"og:url\" content=\"https:\/\/www.lepalaisdesglaceslelavandou.com\/index.php\/contact\/\" \/>\n<meta property=\"og:site_name\" content=\"Le Palais des Glaces\" \/>\n<meta property=\"article:modified_time\" content=\"2023-02-26T09:52:49+00:00\" \/>\n<meta name=\"twitter:card\" content=\"summary_large_image\" \/>\n<script type=\"application\/ld+json\" class=\"yoast-schema-graph\">{\"@context\":\"https:\/\/schema.org\",\"@graph\":[{\"@type\":\"WebPage\",\"@id\":\"https:\/\/www.lepalaisdesglaceslelavandou.com\/index.php\/contact\/\",\"url\":\"https:\/\/www.lepalaisdesglaceslelavandou.com\/index.php\/contact\/\",\"name\":\"Contact - Le Palais des Glaces\",\"isPartOf\":{\"@id\":\"https:\/\/www.lepalaisdesglaceslelavandou.com\/#website\"},\"datePublished\":\"2023-01-18T15:18:54+00:00\",\"dateModified\":\"2023-02-26T09:52:49+00:00\",\"breadcrumb\":{\"@id\":\"https:\/\/www.lepalaisdesglaceslelavandou.com\/index.php\/contact\/#breadcrumb\"},\"inLanguage\":\"fr-FR\",\"potentialAction\":[{\"@type\":\"ReadAction\",\"target\":[\"https:\/\/www.lepalaisdesglaceslelavandou.com\/index.php\/contact\/\"]}]},{\"@type\":\"BreadcrumbList\",\"@id\":\"https:\/\/www.lepalaisdesglaceslelavandou.com\/index.php\/contact\/#breadcrumb\",\"itemListElement\":[{\"@type\":\"ListItem\",\"position\":1,\"name\":\"Accueil\",\"item\":\"https:\/\/www.lepalaisdesglaceslelavandou.com\/\"},{\"@type\":\"ListItem\",\"position\":2,\"name\":\"Contact\"}]},{\"@type\":\"WebSite\",\"@id\":\"https:\/\/www.lepalaisdesglaceslelavandou.com\/#website\",\"url\":\"https:\/\/www.lepalaisdesglaceslelavandou.com\/\",\"name\":\"Le Palais des Glaces\",\"description\":\"\",\"publisher\":{\"@id\":\"https:\/\/www.lepalaisdesglaceslelavandou.com\/#organization\"},\"potentialAction\":[{\"@type\":\"SearchAction\",\"target\":{\"@type\":\"EntryPoint\",\"urlTemplate\":\"https:\/\/www.lepalaisdesglaceslelavandou.com\/?s={search_term_string}\"},\"query-input\":\"required name=search_term_string\"}],\"inLanguage\":\"fr-FR\"},{\"@type\":\"Organization\",\"@id\":\"https:\/\/www.lepalaisdesglaceslelavandou.com\/#organization\",\"name\":\"Le Palais des Glaces\",\"url\":\"https:\/\/www.lepalaisdesglaceslelavandou.com\/\",\"logo\":{\"@type\":\"ImageObject\",\"inLanguage\":\"fr-FR\",\"@id\":\"https:\/\/www.lepalaisdesglaceslelavandou.com\/#\/schema\/logo\/image\/\",\"url\":\"https:\/\/www.lepalaisdesglaceslelavandou.com\/wp-content\/uploads\/2023\/01\/cropped-logopalaisdesglaces-2.jpg\",\"contentUrl\":\"https:\/\/www.lepalaisdesglaceslelavandou.com\/wp-content\/uploads\/2023\/01\/cropped-logopalaisdesglaces-2.jpg\",\"width\":717,\"height\":712,\"caption\":\"Le Palais des Glaces\"},\"image\":{\"@id\":\"https:\/\/www.lepalaisdesglaceslelavandou.com\/#\/schema\/logo\/image\/\"}}]}<\/script>\n<!-- \/ Yoast SEO plugin. -->","yoast_head_json":{"title":"Contact - Le Palais des Glaces","robots":{"index":"index","follow":"follow","max-snippet":"max-snippet:-1","max-image-preview":"max-image-preview:large","max-video-preview":"max-video-preview:-1"},"canonical":"https:\/\/www.lepalaisdesglaceslelavandou.com\/index.php\/contact\/","og_locale":"fr_FR","og_type":"article","og_title":"Contact - Le Palais des Glaces","og_description":"N&rsquo;h\u00e9sitez pas \u00e0 nous contacter par t\u00e9l\u00e9phone ou \u00e0 nous envoyer un message via le formulaire de contact et nous vous r\u00e9pondrons d\u00e8s que possible. Thomas et toute l&rsquo;\u00e9quipe du Palais des Glaces06 26 45 38 82","og_url":"https:\/\/www.lepalaisdesglaceslelavandou.com\/index.php\/contact\/","og_site_name":"Le Palais des Glaces","article_modified_time":"2023-02-26T09:52:49+00:00","twitter_card":"summary_large_image","schema":{"@context":"https:\/\/schema.org","@graph":[{"@type":"WebPage","@id":"https:\/\/www.lepalaisdesglaceslelavandou.com\/index.php\/contact\/","url":"https:\/\/www.lepalaisdesglaceslelavandou.com\/index.php\/contact\/","name":"Contact - Le Palais des Glaces","isPartOf":{"@id":"https:\/\/www.lepalaisdesglaceslelavandou.com\/#website"},"datePublished":"2023-01-18T15:18:54+00:00","dateModified":"2023-02-26T09:52:49+00:00","breadcrumb":{"@id":"https:\/\/www.lepalaisdesglaceslelavandou.com\/index.php\/contact\/#breadcrumb"},"inLanguage":"fr-FR","potentialAction":[{"@type":"ReadAction","target":["https:\/\/www.lepalaisdesglaceslelavandou.com\/index.php\/contact\/"]}]},{"@type":"BreadcrumbList","@id":"https:\/\/www.lepalaisdesglaceslelavandou.com\/index.php\/contact\/#breadcrumb","itemListElement":[{"@type":"ListItem","position":1,"name":"Accueil","item":"https:\/\/www.lepalaisdesglaceslelavandou.com\/"},{"@type":"ListItem","position":2,"name":"Contact"}]},{"@type":"WebSite","@id":"https:\/\/www.lepalaisdesglaceslelavandou.com\/#website","url":"https:\/\/www.lepalaisdesglaceslelavandou.com\/","name":"Le Palais des Glaces","description":"","publisher":{"@id":"https:\/\/www.lepalaisdesglaceslelavandou.com\/#organization"},"potentialAction":[{"@type":"SearchAction","target":{"@type":"EntryPoint","urlTemplate":"https:\/\/www.lepalaisdesglaceslelavandou.com\/?s={search_term_string}"},"query-input":"required name=search_term_string"}],"inLanguage":"fr-FR"},{"@type":"Organization","@id":"https:\/\/www.lepalaisdesglaceslelavandou.com\/#organization","name":"Le Palais des Glaces","url":"https:\/\/www.lepalaisdesglaceslelavandou.com\/","logo":{"@type":"ImageObject","inLanguage":"fr-FR","@id":"https:\/\/www.lepalaisdesglaceslelavandou.com\/#\/schema\/logo\/image\/","url":"https:\/\/www.lepalaisdesglaceslelavandou.com\/wp-content\/uploads\/2023\/01\/cropped-logopalaisdesglaces-2.jpg","contentUrl":"https:\/\/www.lepalaisdesglaceslelavandou.com\/wp-content\/uploads\/2023\/01\/cropped-logopalaisdesglaces-2.jpg","width":717,"height":712,"caption":"Le Palais des Glaces"},"image":{"@id":"https:\/\/www.lepalaisdesglaceslelavandou.com\/#\/schema\/logo\/image\/"}}]}},"_links":{"self":[{"href":"https:\/\/www.lepalaisdesglaceslelavandou.com\/index.php\/wp-json\/wp\/v2\/pages\/36","targetHints":{"allow":["GET"]}}],"collection":[{"href":"https:\/\/www.lepalaisdesglaceslelavandou.com\/index.php\/wp-json\/wp\/v2\/pages"}],"about":[{"href":"https:\/\/www.lepalaisdesglaceslelavandou.com\/index.php\/wp-json\/wp\/v2\/types\/page"}],"author":[{"embeddable":true,"href":"https:\/\/www.lepalaisdesglaceslelavandou.com\/index.php\/wp-json\/wp\/v2\/users\/1"}],"replies":[{"embeddable":true,"href":"https:\/\/www.lepalaisdesglaceslelavandou.com\/index.php\/wp-json\/wp\/v2\/comments?post=36"}],"version-history":[{"count":23,"href":"https:\/\/www.lepalaisdesglaceslelavandou.com\/index.php\/wp-json\/wp\/v2\/pages\/36\/revisions"}],"predecessor-version":[{"id":201,"href":"https:\/\/www.lepalaisdesglaceslelavandou.com\/index.php\/wp-json\/wp\/v2\/pages\/36\/revisions\/201"}],"wp:attachment":[{"href":"https:\/\/www.lepalaisdesglaceslelavandou.com\/index.php\/wp-json\/wp\/v2\/media?parent=36"}],"curies":[{"name":"wp","href":"https:\/\/api.w.org\/{rel}","templated":true}]}}