{"id":162,"date":"2023-01-23T15:52:02","date_gmt":"2023-01-23T14:52:02","guid":{"rendered":"http:\/\/bavqgmh.cluster029.hosting.ovh.net\/?page_id=162"},"modified":"2023-01-23T15:56:08","modified_gmt":"2023-01-23T14:56:08","slug":"nos-avis","status":"publish","type":"page","link":"https:\/\/www.lepalaisdesglaceslelavandou.com\/index.php\/nos-avis\/","title":{"rendered":"NOS AVIS"},"content":{"rendered":"\t\t<div data-elementor-type=\"wp-page\" data-elementor-id=\"162\" class=\"elementor elementor-162\">\n\t\t\t\t\t\t<section class=\"elementor-section elementor-top-section elementor-element elementor-element-cb6da5c elementor-section-boxed elementor-section-height-default elementor-section-height-default\" data-id=\"cb6da5c\" data-element_type=\"section\" data-e-type=\"section\">\n\t\t\t\t\t\t<div class=\"elementor-container elementor-column-gap-default\">\n\t\t\t\t\t<div class=\"elementor-column elementor-col-100 elementor-top-column elementor-element elementor-element-1a5071d\" data-id=\"1a5071d\" data-element_type=\"column\" data-e-type=\"column\">\n\t\t\t<div class=\"elementor-widget-wrap elementor-element-populated\">\n\t\t\t\t\t\t<div class=\"elementor-element elementor-element-4222626 elementor-widget elementor-widget-testimonial\" data-id=\"4222626\" data-element_type=\"widget\" data-e-type=\"widget\" data-widget_type=\"testimonial.default\">\n\t\t\t\t<div class=\"elementor-widget-container\">\n\t\t\t\t\t\t\t<div class=\"elementor-testimonial-wrapper\">\n\t\t\t\t\t\t\t<div class=\"elementor-testimonial-content\">Accueil chaleureux, glaces excellentes et gaufre cuite de l'instant m\u00eame si j'\u00e9tais le premier client \u00e0 en commander une. La terrasse est agr\u00e9able pour d\u00e9guster caf\u00e9 ou desserts ... On reviendra avec plaisir !<\/div>\n\t\t\t\n\t\t\t\t\t\t<div class=\"elementor-testimonial-meta elementor-has-image elementor-testimonial-image-position-aside\">\n\t\t\t\t<div class=\"elementor-testimonial-meta-inner\">\n\t\t\t\t\t\t\t\t\t\t\t<div class=\"elementor-testimonial-image\">\n\t\t\t\t\t\t\t<img fetchpriority=\"high\" decoding=\"async\" width=\"960\" height=\"960\" src=\"https:\/\/www.lepalaisdesglaceslelavandou.com\/wp-content\/uploads\/2023\/01\/gaufrelavandoupalaisdesglaces.jpg\" class=\"attachment-full size-full wp-image-164\" alt=\"\" srcset=\"https:\/\/www.lepalaisdesglaceslelavandou.com\/wp-content\/uploads\/2023\/01\/gaufrelavandoupalaisdesglaces.jpg 960w, https:\/\/www.lepalaisdesglaceslelavandou.com\/wp-content\/uploads\/2023\/01\/gaufrelavandoupalaisdesglaces-300x300.jpg 300w, https:\/\/www.lepalaisdesglaceslelavandou.com\/wp-content\/uploads\/2023\/01\/gaufrelavandoupalaisdesglaces-100x100.jpg 100w, https:\/\/www.lepalaisdesglaceslelavandou.com\/wp-content\/uploads\/2023\/01\/gaufrelavandoupalaisdesglaces-600x600.jpg 600w, https:\/\/www.lepalaisdesglaceslelavandou.com\/wp-content\/uploads\/2023\/01\/gaufrelavandoupalaisdesglaces-150x150.jpg 150w, https:\/\/www.lepalaisdesglaceslelavandou.com\/wp-content\/uploads\/2023\/01\/gaufrelavandoupalaisdesglaces-768x768.jpg 768w, https:\/\/www.lepalaisdesglaceslelavandou.com\/wp-content\/uploads\/2023\/01\/gaufrelavandoupalaisdesglaces-75x75.jpg 75w\" sizes=\"(max-width: 960px) 100vw, 960px\" \/>\t\t\t\t\t\t<\/div>\n\t\t\t\t\t\n\t\t\t\t\t\t\t\t\t\t<div class=\"elementor-testimonial-details\">\n\t\t\t\t\t\t\t\t\t\t\t\t\t\t<div class=\"elementor-testimonial-name\">Renaud Germain<\/div>\n\t\t\t\t\t\t\t\t\t\t\t\t\t\t\t\t\t\t\t\t\t\t<div class=\"elementor-testimonial-job\">Un r\u00e9gal!<\/div>\n\t\t\t\t\t\t\t\t\t\t\t\t\t<\/div>\n\t\t\t\t\t\t\t\t\t<\/div>\n\t\t\t<\/div>\n\t\t\t\t\t<\/div>\n\t\t\t\t\t\t<\/div>\n\t\t\t\t<\/div>\n\t\t\t\t\t<\/div>\n\t\t<\/div>\n\t\t\t\t\t<\/div>\n\t\t<\/section>\n\t\t\t\t<section class=\"elementor-section elementor-top-section elementor-element elementor-element-1c42627 elementor-section-boxed elementor-section-height-default elementor-section-height-default\" data-id=\"1c42627\" data-element_type=\"section\" data-e-type=\"section\">\n\t\t\t\t\t\t<div class=\"elementor-container elementor-column-gap-default\">\n\t\t\t\t\t<div class=\"elementor-column elementor-col-100 elementor-top-column elementor-element elementor-element-0659302\" data-id=\"0659302\" data-element_type=\"column\" data-e-type=\"column\">\n\t\t\t<div class=\"elementor-widget-wrap elementor-element-populated\">\n\t\t\t\t\t\t<div class=\"elementor-element elementor-element-b9b39cb elementor-widget elementor-widget-testimonial\" data-id=\"b9b39cb\" data-element_type=\"widget\" data-e-type=\"widget\" data-widget_type=\"testimonial.default\">\n\t\t\t\t<div class=\"elementor-widget-container\">\n\t\t\t\t\t\t\t<div class=\"elementor-testimonial-wrapper\">\n\t\t\t\t\t\t\t<div class=\"elementor-testimonial-content\">Une adresse \u00e0 retenir pour tous les diff\u00e9rents go\u00fbts propos\u00e9s. On s\u2019est r\u00e9gal\u00e9, et avec les 3 boules g\u00e9n\u00e9reuses, j\u2019ai m\u00eame eu du mal \u00e0 finir tellement il y en avait, et pourtant je suis un bon mangeur !<\/div>\n\t\t\t\n\t\t\t\t\t\t<div class=\"elementor-testimonial-meta elementor-has-image elementor-testimonial-image-position-aside\">\n\t\t\t\t<div class=\"elementor-testimonial-meta-inner\">\n\t\t\t\t\t\t\t\t\t\t\t<div class=\"elementor-testimonial-image\">\n\t\t\t\t\t\t\t<img decoding=\"async\" width=\"550\" height=\"413\" src=\"https:\/\/www.lepalaisdesglaceslelavandou.com\/wp-content\/uploads\/2023\/01\/palais-des-glaces-lavandou.jpg\" class=\"attachment-full size-full wp-image-30\" alt=\"\" srcset=\"https:\/\/www.lepalaisdesglaceslelavandou.com\/wp-content\/uploads\/2023\/01\/palais-des-glaces-lavandou.jpg 550w, https:\/\/www.lepalaisdesglaceslelavandou.com\/wp-content\/uploads\/2023\/01\/palais-des-glaces-lavandou-300x225.jpg 300w\" sizes=\"(max-width: 550px) 100vw, 550px\" \/>\t\t\t\t\t\t<\/div>\n\t\t\t\t\t\n\t\t\t\t\t\t\t\t\t\t<div class=\"elementor-testimonial-details\">\n\t\t\t\t\t\t\t\t\t\t\t\t\t\t<div class=\"elementor-testimonial-name\">Mat<\/div>\n\t\t\t\t\t\t\t\t\t\t\t\t\t\t\t\t\t\t\t\t\t\t<div class=\"elementor-testimonial-job\">Vacance en famille<\/div>\n\t\t\t\t\t\t\t\t\t\t\t\t\t<\/div>\n\t\t\t\t\t\t\t\t\t<\/div>\n\t\t\t<\/div>\n\t\t\t\t\t<\/div>\n\t\t\t\t\t\t<\/div>\n\t\t\t\t<\/div>\n\t\t\t\t\t<\/div>\n\t\t<\/div>\n\t\t\t\t\t<\/div>\n\t\t<\/section>\n\t\t\t\t<\/div>\n\t\t","protected":false},"excerpt":{"rendered":"<p>Accueil chaleureux, glaces excellentes et gaufre cuite de l&rsquo;instant m\u00eame si j&rsquo;\u00e9tais le premier client \u00e0 en commander une. La terrasse est agr\u00e9able pour d\u00e9guster caf\u00e9 ou desserts &#8230; On reviendra avec plaisir ! Renaud Germain Un r\u00e9gal! Une adresse \u00e0 retenir pour tous les diff\u00e9rents go\u00fbts propos\u00e9s. On s\u2019est r\u00e9gal\u00e9, et avec les 3 boules g\u00e9n\u00e9reuses, j\u2019ai m\u00eame eu du mal \u00e0 finir tellement il y en avait, et pourtant je suis un bon mangeur ! Mat Vacance en famille<\/p>\n","protected":false},"author":1,"featured_media":0,"parent":0,"menu_order":0,"comment_status":"closed","ping_status":"closed","template":"","meta":{"om_disable_all_campaigns":false,"_monsterinsights_skip_tracking":false,"_monsterinsights_sitenote_active":false,"_monsterinsights_sitenote_note":"","_monsterinsights_sitenote_category":0,"footnotes":""},"class_list":["post-162","page","type-page","status-publish","hentry"],"yoast_head":"<!-- This site is optimized with the Yoast SEO plugin v20.1 - https:\/\/yoast.com\/wordpress\/plugins\/seo\/ -->\n<title>NOS AVIS - Le Palais des Glaces<\/title>\n<meta name=\"robots\" content=\"index, follow, max-snippet:-1, max-image-preview:large, max-video-preview:-1\" \/>\n<link rel=\"canonical\" href=\"https:\/\/www.lepalaisdesglaceslelavandou.com\/index.php\/nos-avis\/\" \/>\n<meta property=\"og:locale\" content=\"fr_FR\" \/>\n<meta property=\"og:type\" content=\"article\" \/>\n<meta property=\"og:title\" content=\"NOS AVIS - Le Palais des Glaces\" \/>\n<meta property=\"og:description\" content=\"Accueil chaleureux, glaces excellentes et gaufre cuite de l&rsquo;instant m\u00eame si j&rsquo;\u00e9tais le premier client \u00e0 en commander une. La terrasse est agr\u00e9able pour d\u00e9guster caf\u00e9 ou desserts &#8230; On reviendra avec plaisir ! Renaud Germain Un r\u00e9gal! Une adresse \u00e0 retenir pour tous les diff\u00e9rents go\u00fbts propos\u00e9s. On s\u2019est r\u00e9gal\u00e9, et avec les 3 boules g\u00e9n\u00e9reuses, j\u2019ai m\u00eame eu du mal \u00e0 finir tellement il y en avait, et pourtant je suis un bon mangeur ! Mat Vacance en famille\" \/>\n<meta property=\"og:url\" content=\"https:\/\/www.lepalaisdesglaceslelavandou.com\/index.php\/nos-avis\/\" \/>\n<meta property=\"og:site_name\" content=\"Le Palais des Glaces\" \/>\n<meta property=\"article:modified_time\" content=\"2023-01-23T14:56:08+00:00\" \/>\n<meta property=\"og:image\" content=\"http:\/\/bavqgmh.cluster029.hosting.ovh.net\/wp-content\/uploads\/2023\/01\/gaufrelavandoupalaisdesglaces.jpg\" \/>\n<meta name=\"twitter:card\" content=\"summary_large_image\" \/>\n<script type=\"application\/ld+json\" class=\"yoast-schema-graph\">{\"@context\":\"https:\/\/schema.org\",\"@graph\":[{\"@type\":\"WebPage\",\"@id\":\"https:\/\/www.lepalaisdesglaceslelavandou.com\/index.php\/nos-avis\/\",\"url\":\"https:\/\/www.lepalaisdesglaceslelavandou.com\/index.php\/nos-avis\/\",\"name\":\"NOS AVIS - Le Palais des Glaces\",\"isPartOf\":{\"@id\":\"https:\/\/www.lepalaisdesglaceslelavandou.com\/#website\"},\"datePublished\":\"2023-01-23T14:52:02+00:00\",\"dateModified\":\"2023-01-23T14:56:08+00:00\",\"breadcrumb\":{\"@id\":\"https:\/\/www.lepalaisdesglaceslelavandou.com\/index.php\/nos-avis\/#breadcrumb\"},\"inLanguage\":\"fr-FR\",\"potentialAction\":[{\"@type\":\"ReadAction\",\"target\":[\"https:\/\/www.lepalaisdesglaceslelavandou.com\/index.php\/nos-avis\/\"]}]},{\"@type\":\"BreadcrumbList\",\"@id\":\"https:\/\/www.lepalaisdesglaceslelavandou.com\/index.php\/nos-avis\/#breadcrumb\",\"itemListElement\":[{\"@type\":\"ListItem\",\"position\":1,\"name\":\"Accueil\",\"item\":\"https:\/\/www.lepalaisdesglaceslelavandou.com\/\"},{\"@type\":\"ListItem\",\"position\":2,\"name\":\"NOS AVIS\"}]},{\"@type\":\"WebSite\",\"@id\":\"https:\/\/www.lepalaisdesglaceslelavandou.com\/#website\",\"url\":\"https:\/\/www.lepalaisdesglaceslelavandou.com\/\",\"name\":\"Le Palais des Glaces\",\"description\":\"\",\"publisher\":{\"@id\":\"https:\/\/www.lepalaisdesglaceslelavandou.com\/#organization\"},\"potentialAction\":[{\"@type\":\"SearchAction\",\"target\":{\"@type\":\"EntryPoint\",\"urlTemplate\":\"https:\/\/www.lepalaisdesglaceslelavandou.com\/?s={search_term_string}\"},\"query-input\":\"required name=search_term_string\"}],\"inLanguage\":\"fr-FR\"},{\"@type\":\"Organization\",\"@id\":\"https:\/\/www.lepalaisdesglaceslelavandou.com\/#organization\",\"name\":\"Le Palais des Glaces\",\"url\":\"https:\/\/www.lepalaisdesglaceslelavandou.com\/\",\"logo\":{\"@type\":\"ImageObject\",\"inLanguage\":\"fr-FR\",\"@id\":\"https:\/\/www.lepalaisdesglaceslelavandou.com\/#\/schema\/logo\/image\/\",\"url\":\"https:\/\/www.lepalaisdesglaceslelavandou.com\/wp-content\/uploads\/2023\/01\/cropped-logopalaisdesglaces-2.jpg\",\"contentUrl\":\"https:\/\/www.lepalaisdesglaceslelavandou.com\/wp-content\/uploads\/2023\/01\/cropped-logopalaisdesglaces-2.jpg\",\"width\":717,\"height\":712,\"caption\":\"Le Palais des Glaces\"},\"image\":{\"@id\":\"https:\/\/www.lepalaisdesglaceslelavandou.com\/#\/schema\/logo\/image\/\"}}]}<\/script>\n<!-- \/ Yoast SEO plugin. -->","yoast_head_json":{"title":"NOS AVIS - Le Palais des Glaces","robots":{"index":"index","follow":"follow","max-snippet":"max-snippet:-1","max-image-preview":"max-image-preview:large","max-video-preview":"max-video-preview:-1"},"canonical":"https:\/\/www.lepalaisdesglaceslelavandou.com\/index.php\/nos-avis\/","og_locale":"fr_FR","og_type":"article","og_title":"NOS AVIS - Le Palais des Glaces","og_description":"Accueil chaleureux, glaces excellentes et gaufre cuite de l&rsquo;instant m\u00eame si j&rsquo;\u00e9tais le premier client \u00e0 en commander une. La terrasse est agr\u00e9able pour d\u00e9guster caf\u00e9 ou desserts &#8230; On reviendra avec plaisir ! Renaud Germain Un r\u00e9gal! Une adresse \u00e0 retenir pour tous les diff\u00e9rents go\u00fbts propos\u00e9s. On s\u2019est r\u00e9gal\u00e9, et avec les 3 boules g\u00e9n\u00e9reuses, j\u2019ai m\u00eame eu du mal \u00e0 finir tellement il y en avait, et pourtant je suis un bon mangeur ! Mat Vacance en famille","og_url":"https:\/\/www.lepalaisdesglaceslelavandou.com\/index.php\/nos-avis\/","og_site_name":"Le Palais des Glaces","article_modified_time":"2023-01-23T14:56:08+00:00","og_image":[{"url":"http:\/\/bavqgmh.cluster029.hosting.ovh.net\/wp-content\/uploads\/2023\/01\/gaufrelavandoupalaisdesglaces.jpg"}],"twitter_card":"summary_large_image","schema":{"@context":"https:\/\/schema.org","@graph":[{"@type":"WebPage","@id":"https:\/\/www.lepalaisdesglaceslelavandou.com\/index.php\/nos-avis\/","url":"https:\/\/www.lepalaisdesglaceslelavandou.com\/index.php\/nos-avis\/","name":"NOS AVIS - Le Palais des Glaces","isPartOf":{"@id":"https:\/\/www.lepalaisdesglaceslelavandou.com\/#website"},"datePublished":"2023-01-23T14:52:02+00:00","dateModified":"2023-01-23T14:56:08+00:00","breadcrumb":{"@id":"https:\/\/www.lepalaisdesglaceslelavandou.com\/index.php\/nos-avis\/#breadcrumb"},"inLanguage":"fr-FR","potentialAction":[{"@type":"ReadAction","target":["https:\/\/www.lepalaisdesglaceslelavandou.com\/index.php\/nos-avis\/"]}]},{"@type":"BreadcrumbList","@id":"https:\/\/www.lepalaisdesglaceslelavandou.com\/index.php\/nos-avis\/#breadcrumb","itemListElement":[{"@type":"ListItem","position":1,"name":"Accueil","item":"https:\/\/www.lepalaisdesglaceslelavandou.com\/"},{"@type":"ListItem","position":2,"name":"NOS AVIS"}]},{"@type":"WebSite","@id":"https:\/\/www.lepalaisdesglaceslelavandou.com\/#website","url":"https:\/\/www.lepalaisdesglaceslelavandou.com\/","name":"Le Palais des Glaces","description":"","publisher":{"@id":"https:\/\/www.lepalaisdesglaceslelavandou.com\/#organization"},"potentialAction":[{"@type":"SearchAction","target":{"@type":"EntryPoint","urlTemplate":"https:\/\/www.lepalaisdesglaceslelavandou.com\/?s={search_term_string}"},"query-input":"required name=search_term_string"}],"inLanguage":"fr-FR"},{"@type":"Organization","@id":"https:\/\/www.lepalaisdesglaceslelavandou.com\/#organization","name":"Le Palais des Glaces","url":"https:\/\/www.lepalaisdesglaceslelavandou.com\/","logo":{"@type":"ImageObject","inLanguage":"fr-FR","@id":"https:\/\/www.lepalaisdesglaceslelavandou.com\/#\/schema\/logo\/image\/","url":"https:\/\/www.lepalaisdesglaceslelavandou.com\/wp-content\/uploads\/2023\/01\/cropped-logopalaisdesglaces-2.jpg","contentUrl":"https:\/\/www.lepalaisdesglaceslelavandou.com\/wp-content\/uploads\/2023\/01\/cropped-logopalaisdesglaces-2.jpg","width":717,"height":712,"caption":"Le Palais des Glaces"},"image":{"@id":"https:\/\/www.lepalaisdesglaceslelavandou.com\/#\/schema\/logo\/image\/"}}]}},"_links":{"self":[{"href":"https:\/\/www.lepalaisdesglaceslelavandou.com\/index.php\/wp-json\/wp\/v2\/pages\/162","targetHints":{"allow":["GET"]}}],"collection":[{"href":"https:\/\/www.lepalaisdesglaceslelavandou.com\/index.php\/wp-json\/wp\/v2\/pages"}],"about":[{"href":"https:\/\/www.lepalaisdesglaceslelavandou.com\/index.php\/wp-json\/wp\/v2\/types\/page"}],"author":[{"embeddable":true,"href":"https:\/\/www.lepalaisdesglaceslelavandou.com\/index.php\/wp-json\/wp\/v2\/users\/1"}],"replies":[{"embeddable":true,"href":"https:\/\/www.lepalaisdesglaceslelavandou.com\/index.php\/wp-json\/wp\/v2\/comments?post=162"}],"version-history":[{"count":7,"href":"https:\/\/www.lepalaisdesglaceslelavandou.com\/index.php\/wp-json\/wp\/v2\/pages\/162\/revisions"}],"predecessor-version":[{"id":172,"href":"https:\/\/www.lepalaisdesglaceslelavandou.com\/index.php\/wp-json\/wp\/v2\/pages\/162\/revisions\/172"}],"wp:attachment":[{"href":"https:\/\/www.lepalaisdesglaceslelavandou.com\/index.php\/wp-json\/wp\/v2\/media?parent=162"}],"curies":[{"name":"wp","href":"https:\/\/api.w.org\/{rel}","templated":true}]}}