{"id":15,"date":"2023-01-18T15:35:34","date_gmt":"2023-01-18T14:35:34","guid":{"rendered":"http:\/\/bavqgmh.cluster029.hosting.ovh.net\/?page_id=15"},"modified":"2023-03-07T22:41:39","modified_gmt":"2023-03-07T21:41:39","slug":"artisan-glacier","status":"publish","type":"page","link":"https:\/\/www.lepalaisdesglaceslelavandou.com\/","title":{"rendered":"ACCUEIL"},"content":{"rendered":"\t\t<div data-elementor-type=\"wp-page\" data-elementor-id=\"15\" class=\"elementor elementor-15\">\n\t\t\t\t\t\t<section class=\"elementor-section elementor-top-section elementor-element elementor-element-bb7dd90 elementor-section-boxed elementor-section-height-default elementor-section-height-default\" data-id=\"bb7dd90\" data-element_type=\"section\" data-e-type=\"section\">\n\t\t\t\t\t\t<div class=\"elementor-container elementor-column-gap-default\">\n\t\t\t\t\t<div class=\"elementor-column elementor-col-100 elementor-top-column elementor-element elementor-element-8a1ec0e\" data-id=\"8a1ec0e\" data-element_type=\"column\" data-e-type=\"column\">\n\t\t\t<div class=\"elementor-widget-wrap elementor-element-populated\">\n\t\t\t\t\t\t<div class=\"elementor-element elementor-element-313d878 elementor-widget elementor-widget-heading\" data-id=\"313d878\" data-element_type=\"widget\" data-e-type=\"widget\" data-widget_type=\"heading.default\">\n\t\t\t\t<div class=\"elementor-widget-container\">\n\t\t\t\t\t<h1 class=\"elementor-heading-title elementor-size-default\">Bienvenue au Palais des Glaces                                             <\/h1>\t\t\t\t<\/div>\n\t\t\t\t<\/div>\n\t\t\t\t<div class=\"elementor-element elementor-element-a0af164 elementor-widget elementor-widget-heading\" data-id=\"a0af164\" data-element_type=\"widget\" data-e-type=\"widget\" data-widget_type=\"heading.default\">\n\t\t\t\t<div class=\"elementor-widget-container\">\n\t\t\t\t\t<h2 class=\"elementor-heading-title elementor-size-default\">Artisan Ma\u00eetre Glacier au Lavandou<\/h2>\t\t\t\t<\/div>\n\t\t\t\t<\/div>\n\t\t\t\t<div class=\"elementor-element elementor-element-70ab7ae elementor-arrows-position-inside elementor-pagination-position-outside elementor-widget elementor-widget-image-carousel\" data-id=\"70ab7ae\" data-element_type=\"widget\" data-e-type=\"widget\" data-settings=\"{&quot;slides_to_show&quot;:&quot;4&quot;,&quot;slides_to_scroll&quot;:&quot;1&quot;,&quot;navigation&quot;:&quot;both&quot;,&quot;autoplay&quot;:&quot;yes&quot;,&quot;pause_on_hover&quot;:&quot;yes&quot;,&quot;pause_on_interaction&quot;:&quot;yes&quot;,&quot;autoplay_speed&quot;:5000,&quot;infinite&quot;:&quot;yes&quot;,&quot;speed&quot;:500}\" data-widget_type=\"image-carousel.default\">\n\t\t\t\t<div class=\"elementor-widget-container\">\n\t\t\t\t\t\t\t<div class=\"elementor-image-carousel-wrapper swiper\" role=\"region\" aria-roledescription=\"carousel\" aria-label=\"Carrousel d\u2019images\" dir=\"ltr\">\n\t\t\t<div class=\"elementor-image-carousel swiper-wrapper\" aria-live=\"off\">\n\t\t\t\t\t\t\t\t<div class=\"swiper-slide\" role=\"group\" aria-roledescription=\"slide\" aria-label=\"1 sur 7\"><figure class=\"swiper-slide-inner\"><img decoding=\"async\" class=\"swiper-slide-image\" src=\"https:\/\/www.lepalaisdesglaceslelavandou.com\/wp-content\/uploads\/2023\/01\/logopalaisdesglaces-300x300.jpg\" alt=\"logopalaisdesglaces\" \/><\/figure><\/div><div class=\"swiper-slide\" role=\"group\" aria-roledescription=\"slide\" aria-label=\"2 sur 7\"><figure class=\"swiper-slide-inner\"><img decoding=\"async\" class=\"swiper-slide-image\" src=\"https:\/\/www.lepalaisdesglaceslelavandou.com\/wp-content\/uploads\/2023\/01\/lepalaisdesglaceslavandou-300x300.jpg\" alt=\"le palais des glaces le lavandou meilleur glacier sorbets cr\u00e8mes glac\u00e9es terrasse sur place \u00e0 emporer\" \/><\/figure><\/div><div class=\"swiper-slide\" role=\"group\" aria-roledescription=\"slide\" aria-label=\"3 sur 7\"><figure class=\"swiper-slide-inner\"><img decoding=\"async\" class=\"swiper-slide-image\" src=\"https:\/\/www.lepalaisdesglaceslelavandou.com\/wp-content\/uploads\/2023\/01\/lepalaisdesglacesartisanglacier-300x300.jpg\" alt=\"le palais des glaces sorbets meilleur glacier le lavandou\" \/><\/figure><\/div><div class=\"swiper-slide\" role=\"group\" aria-roledescription=\"slide\" aria-label=\"4 sur 7\"><figure class=\"swiper-slide-inner\"><img decoding=\"async\" class=\"swiper-slide-image\" src=\"https:\/\/www.lepalaisdesglaceslelavandou.com\/wp-content\/uploads\/2023\/01\/palais-des-glaces-lavandou-300x300.jpg\" alt=\"palais-des-glaces-lavandou\" \/><\/figure><\/div><div class=\"swiper-slide\" role=\"group\" aria-roledescription=\"slide\" aria-label=\"5 sur 7\"><figure class=\"swiper-slide-inner\"><img decoding=\"async\" class=\"swiper-slide-image\" src=\"https:\/\/www.lepalaisdesglaceslelavandou.com\/wp-content\/uploads\/2023\/01\/lavandou-glacier-300x300.jpg\" alt=\"lavandou glacier\" \/><\/figure><\/div><div class=\"swiper-slide\" role=\"group\" aria-roledescription=\"slide\" aria-label=\"6 sur 7\"><figure class=\"swiper-slide-inner\"><img decoding=\"async\" class=\"swiper-slide-image\" src=\"https:\/\/www.lepalaisdesglaceslelavandou.com\/wp-content\/uploads\/2023\/01\/artisan-glacier-Lavandou-300x300.jpg\" alt=\"artisan glacier le Lavandou meilleur glacier sorbets le palais des glaces\" \/><\/figure><\/div><div class=\"swiper-slide\" role=\"group\" aria-roledescription=\"slide\" aria-label=\"7 sur 7\"><figure class=\"swiper-slide-inner\"><img decoding=\"async\" class=\"swiper-slide-image\" src=\"https:\/\/www.lepalaisdesglaceslelavandou.com\/wp-content\/uploads\/2023\/01\/glaceartisanglaciersorbet-300x300.jpg\" alt=\"glace artisan glacier sorbet Lavandou meilleur glacier artisan glacier\" \/><\/figure><\/div>\t\t\t<\/div>\n\t\t\t\t\t\t\t\t\t\t\t\t<div class=\"elementor-swiper-button elementor-swiper-button-prev\" role=\"button\" tabindex=\"0\">\n\t\t\t\t\t\t<svg aria-hidden=\"true\" class=\"e-font-icon-svg e-eicon-chevron-left\" viewBox=\"0 0 1000 1000\" xmlns=\"http:\/\/www.w3.org\/2000\/svg\"><path d=\"M646 125C629 125 613 133 604 142L308 442C296 454 292 471 292 487 292 504 296 521 308 533L604 854C617 867 629 875 646 875 663 875 679 871 692 858 704 846 713 829 713 812 713 796 708 779 692 767L438 487 692 225C700 217 708 204 708 187 708 171 704 154 692 142 675 129 663 125 646 125Z\"><\/path><\/svg>\t\t\t\t\t<\/div>\n\t\t\t\t\t<div class=\"elementor-swiper-button elementor-swiper-button-next\" role=\"button\" tabindex=\"0\">\n\t\t\t\t\t\t<svg aria-hidden=\"true\" class=\"e-font-icon-svg e-eicon-chevron-right\" viewBox=\"0 0 1000 1000\" xmlns=\"http:\/\/www.w3.org\/2000\/svg\"><path d=\"M696 533C708 521 713 504 713 487 713 471 708 454 696 446L400 146C388 133 375 125 354 125 338 125 325 129 313 142 300 154 292 171 292 187 292 204 296 221 308 233L563 492 304 771C292 783 288 800 288 817 288 833 296 850 308 863 321 871 338 875 354 875 371 875 388 867 400 854L696 533Z\"><\/path><\/svg>\t\t\t\t\t<\/div>\n\t\t\t\t\n\t\t\t\t\t\t\t\t\t<div class=\"swiper-pagination\"><\/div>\n\t\t\t\t\t\t\t\t\t<\/div>\n\t\t\t\t\t\t<\/div>\n\t\t\t\t<\/div>\n\t\t\t\t<div class=\"elementor-element elementor-element-7954b44 elementor-widget elementor-widget-heading\" data-id=\"7954b44\" data-element_type=\"widget\" data-e-type=\"widget\" data-widget_type=\"heading.default\">\n\t\t\t\t<div class=\"elementor-widget-container\">\n\t\t\t\t\t<h2 class=\"elementor-heading-title elementor-size-default\">Artisan glacier depuis 2016<\/h2>\t\t\t\t<\/div>\n\t\t\t\t<\/div>\n\t\t\t\t<section class=\"elementor-section elementor-inner-section elementor-element elementor-element-97e8a5f elementor-section-boxed elementor-section-height-default elementor-section-height-default\" data-id=\"97e8a5f\" data-element_type=\"section\" data-e-type=\"section\">\n\t\t\t\t\t\t<div class=\"elementor-container elementor-column-gap-default\">\n\t\t\t\t\t<div class=\"elementor-column elementor-col-50 elementor-inner-column elementor-element elementor-element-9cc167d\" data-id=\"9cc167d\" data-element_type=\"column\" data-e-type=\"column\">\n\t\t\t<div class=\"elementor-widget-wrap elementor-element-populated\">\n\t\t\t\t\t\t<div class=\"elementor-element elementor-element-8fb1bfa elementor-widget elementor-widget-text-editor\" data-id=\"8fb1bfa\" data-element_type=\"widget\" data-e-type=\"widget\" data-widget_type=\"text-editor.default\">\n\t\t\t\t<div class=\"elementor-widget-container\">\n\t\t\t\t\t\t\t\t\t<p>Artisan glacier au <a href=\"https:\/\/le-lavandou.fr\/\" target=\"_blank\" rel=\"noopener\">Lavandou<\/a> depuis 2016 nous vous proposons des <strong>cr\u00e8mes glac\u00e9es et des sorbets <\/strong>maisons sans colorant ni ar\u00f4me artificiel, \u00e0 base d&rsquo;ingr\u00e9dients de qualit\u00e9 et dans le respect du m\u00e9tier d&rsquo;artisan glacier.\u00a0<\/p><p>Nos glaces peuvent \u00eatre d\u00e9gust\u00e9es sur place sur notre belle terrasse face \u00e0 la mer ou \u00e0 emporter.<\/p><p>Un large choix de <strong>plus de 48 saveurs<\/strong> vous sera propos\u00e9 selon la saison, en cornet ou en petit pot, il y en aura pour tous les go\u00fbts pour r\u00e9galer les petits et les grands.<\/p><p>Vous pourrez aussi d\u00e9guster <strong>des cr\u00eapes, des gaufres<\/strong>\u00a0et des milkshakes selon vos envies .<\/p><p>Thomas et toute son \u00e9quipe vous attendent.<\/p>\t\t\t\t\t\t\t\t<\/div>\n\t\t\t\t<\/div>\n\t\t\t\t\t<\/div>\n\t\t<\/div>\n\t\t\t\t<div class=\"elementor-column elementor-col-50 elementor-inner-column elementor-element elementor-element-30f0b26\" data-id=\"30f0b26\" data-element_type=\"column\" data-e-type=\"column\">\n\t\t\t<div class=\"elementor-widget-wrap elementor-element-populated\">\n\t\t\t\t\t\t<div class=\"elementor-element elementor-element-4d8a3f3 elementor-widget elementor-widget-image\" data-id=\"4d8a3f3\" data-element_type=\"widget\" data-e-type=\"widget\" data-widget_type=\"image.default\">\n\t\t\t\t<div class=\"elementor-widget-container\">\n\t\t\t\t\t\t\t\t\t\t\t\t\t\t\t<img fetchpriority=\"high\" decoding=\"async\" width=\"642\" height=\"642\" src=\"https:\/\/www.lepalaisdesglaceslelavandou.com\/wp-content\/uploads\/2023\/01\/glaceartisanglaciersorbet.jpg\" class=\"attachment-medium_large size-medium_large wp-image-11\" alt=\"glace artisan glacier sorbet Lavandou meilleur glacier artisan glacier\" srcset=\"https:\/\/www.lepalaisdesglaceslelavandou.com\/wp-content\/uploads\/2023\/01\/glaceartisanglaciersorbet.jpg 642w, https:\/\/www.lepalaisdesglaceslelavandou.com\/wp-content\/uploads\/2023\/01\/glaceartisanglaciersorbet-300x300.jpg 300w, https:\/\/www.lepalaisdesglaceslelavandou.com\/wp-content\/uploads\/2023\/01\/glaceartisanglaciersorbet-100x100.jpg 100w, https:\/\/www.lepalaisdesglaceslelavandou.com\/wp-content\/uploads\/2023\/01\/glaceartisanglaciersorbet-600x600.jpg 600w, https:\/\/www.lepalaisdesglaceslelavandou.com\/wp-content\/uploads\/2023\/01\/glaceartisanglaciersorbet-150x150.jpg 150w, https:\/\/www.lepalaisdesglaceslelavandou.com\/wp-content\/uploads\/2023\/01\/glaceartisanglaciersorbet-75x75.jpg 75w\" sizes=\"(max-width: 642px) 100vw, 642px\" \/>\t\t\t\t\t\t\t\t\t\t\t\t\t\t\t<\/div>\n\t\t\t\t<\/div>\n\t\t\t\t\t<\/div>\n\t\t<\/div>\n\t\t\t\t\t<\/div>\n\t\t<\/section>\n\t\t\t\t\t<\/div>\n\t\t<\/div>\n\t\t\t\t\t<\/div>\n\t\t<\/section>\n\t\t\t\t<section class=\"elementor-section elementor-top-section elementor-element elementor-element-9ea059c elementor-section-boxed elementor-section-height-default elementor-section-height-default\" data-id=\"9ea059c\" data-element_type=\"section\" data-e-type=\"section\">\n\t\t\t\t\t\t<div class=\"elementor-container elementor-column-gap-default\">\n\t\t\t\t\t<div class=\"elementor-column elementor-col-100 elementor-top-column elementor-element elementor-element-d32bfe4\" data-id=\"d32bfe4\" data-element_type=\"column\" data-e-type=\"column\">\n\t\t\t<div class=\"elementor-widget-wrap elementor-element-populated\">\n\t\t\t\t\t\t<div class=\"elementor-element elementor-element-f384f46 elementor-align-center elementor-button-info elementor-widget elementor-widget-button\" data-id=\"f384f46\" data-element_type=\"widget\" data-e-type=\"widget\" data-widget_type=\"button.default\">\n\t\t\t\t<div class=\"elementor-widget-container\">\n\t\t\t\t\t\t\t\t\t<div class=\"elementor-button-wrapper\">\n\t\t\t\t\t<a class=\"elementor-button elementor-button-link elementor-size-sm\" href=\"\/index.php\/nos-glaces\/\">\n\t\t\t\t\t\t<span class=\"elementor-button-content-wrapper\">\n\t\t\t\t\t\t\t\t\t<span class=\"elementor-button-text\">CONSULTEZ NOTRE CARTE<\/span>\n\t\t\t\t\t<\/span>\n\t\t\t\t\t<\/a>\n\t\t\t\t<\/div>\n\t\t\t\t\t\t\t\t<\/div>\n\t\t\t\t<\/div>\n\t\t\t\t<div class=\"elementor-element elementor-element-4d4a7b0 elementor-align-center elementor-widget elementor-widget-button\" data-id=\"4d4a7b0\" data-element_type=\"widget\" data-e-type=\"widget\" data-widget_type=\"button.default\">\n\t\t\t\t<div class=\"elementor-widget-container\">\n\t\t\t\t\t\t\t\t\t<div class=\"elementor-button-wrapper\">\n\t\t\t\t\t<a class=\"elementor-button elementor-button-link elementor-size-sm\" href=\"\/index.php\/contact\/\">\n\t\t\t\t\t\t<span class=\"elementor-button-content-wrapper\">\n\t\t\t\t\t\t\t\t\t<span class=\"elementor-button-text\">NOUS CONTACTER<\/span>\n\t\t\t\t\t<\/span>\n\t\t\t\t\t<\/a>\n\t\t\t\t<\/div>\n\t\t\t\t\t\t\t\t<\/div>\n\t\t\t\t<\/div>\n\t\t\t\t\t<\/div>\n\t\t<\/div>\n\t\t\t\t\t<\/div>\n\t\t<\/section>\n\t\t\t\t<section class=\"elementor-section elementor-top-section elementor-element elementor-element-9731721 elementor-section-boxed elementor-section-height-default elementor-section-height-default\" data-id=\"9731721\" data-element_type=\"section\" data-e-type=\"section\">\n\t\t\t\t\t\t<div class=\"elementor-container elementor-column-gap-default\">\n\t\t\t\t\t<div class=\"elementor-column elementor-col-100 elementor-top-column elementor-element elementor-element-aeb4e5a\" data-id=\"aeb4e5a\" data-element_type=\"column\" data-e-type=\"column\">\n\t\t\t<div class=\"elementor-widget-wrap elementor-element-populated\">\n\t\t\t\t\t\t<div class=\"elementor-element elementor-element-9106093 elementor-widget elementor-widget-text-editor\" data-id=\"9106093\" data-element_type=\"widget\" data-e-type=\"widget\" data-widget_type=\"text-editor.default\">\n\t\t\t\t<div class=\"elementor-widget-container\">\n\t\t\t\t\t\t\t\t\t<p><strong>R\u00e9ouverture: le 4 f\u00e9vrier 2023<\/strong><\/p><p><strong>Horaires:<\/strong><\/p><p>13h00-19h00 (hors saison)<\/p><p>12h00-00:00 (\u00e0 partir de d\u00e9but mai)<\/p>\t\t\t\t\t\t\t\t<\/div>\n\t\t\t\t<\/div>\n\t\t\t\t\t<\/div>\n\t\t<\/div>\n\t\t\t\t\t<\/div>\n\t\t<\/section>\n\t\t\t\t<\/div>\n\t\t","protected":false},"excerpt":{"rendered":"<p>Bienvenue au Palais des Glaces Artisan Ma\u00eetre Glacier au Lavandou Pr\u00e9c\u00e9dent Suivant Artisan glacier depuis 2016 Artisan glacier au Lavandou depuis 2016 nous vous proposons des cr\u00e8mes glac\u00e9es et des sorbets maisons sans colorant ni ar\u00f4me artificiel, \u00e0 base d&rsquo;ingr\u00e9dients de qualit\u00e9 et dans le respect du m\u00e9tier d&rsquo;artisan glacier.\u00a0 Nos glaces peuvent \u00eatre d\u00e9gust\u00e9es sur place sur notre belle terrasse face \u00e0 la mer ou \u00e0 emporter. Un large choix de plus de 48 saveurs vous sera propos\u00e9 selon la saison, en cornet ou en petit pot, il y en aura pour tous les go\u00fbts pour r\u00e9galer les petits et les grands. Vous pourrez aussi d\u00e9guster des cr\u00eapes, des gaufres\u00a0et des milkshakes selon vos envies . Thomas et toute son \u00e9quipe vous attendent. CONSULTEZ NOTRE CARTE NOUS CONTACTER R\u00e9ouverture: le 4 f\u00e9vrier 2023 Horaires: 13h00-19h00 (hors saison) 12h00-00:00 (\u00e0 partir de d\u00e9but mai)<\/p>\n","protected":false},"author":1,"featured_media":0,"parent":0,"menu_order":0,"comment_status":"closed","ping_status":"closed","template":"","meta":{"om_disable_all_campaigns":false,"_monsterinsights_skip_tracking":false,"_monsterinsights_sitenote_active":false,"_monsterinsights_sitenote_note":"","_monsterinsights_sitenote_category":0,"footnotes":""},"class_list":["post-15","page","type-page","status-publish","hentry"],"yoast_head":"<!-- This site is optimized with the Yoast SEO plugin v20.1 - https:\/\/yoast.com\/wordpress\/plugins\/seo\/ -->\n<title>Artisan Glacier - Le Palais des Glaces - Le Lavandou<\/title>\n<meta name=\"description\" content=\"Artisan glacier au Lavandou depuis 2016 nous vous proposons des cr\u00e8mes glac\u00e9es et des sorbets maisons sans colorant ni ar\u00f4me artificiel, \u00e0 base d\u2019ingr\u00e9dients de qualit\u00e9 et dans le respect du m\u00e9tier d\u2019artisan glacier.\" \/>\n<meta name=\"robots\" content=\"index, follow, max-snippet:-1, max-image-preview:large, max-video-preview:-1\" \/>\n<link rel=\"canonical\" href=\"https:\/\/www.lepalaisdesglaceslelavandou.com\/\" \/>\n<meta property=\"og:locale\" content=\"fr_FR\" \/>\n<meta property=\"og:type\" content=\"article\" \/>\n<meta property=\"og:title\" content=\"Artisan Glacier - Le Palais des Glaces - Le Lavandou\" \/>\n<meta property=\"og:description\" content=\"Artisan glacier au Lavandou depuis 2016 nous vous proposons des cr\u00e8mes glac\u00e9es et des sorbets maisons sans colorant ni ar\u00f4me artificiel, \u00e0 base d\u2019ingr\u00e9dients de qualit\u00e9 et dans le respect du m\u00e9tier d\u2019artisan glacier.\" \/>\n<meta property=\"og:url\" content=\"https:\/\/www.lepalaisdesglaceslelavandou.com\/\" \/>\n<meta property=\"og:site_name\" content=\"Le Palais des Glaces\" \/>\n<meta property=\"article:modified_time\" content=\"2023-03-07T21:41:39+00:00\" \/>\n<meta property=\"og:image\" content=\"http:\/\/www.lepalaisdesglaceslelavandou.com\/wp-content\/uploads\/2023\/01\/logopalaisdesglaces-300x300.jpg\" \/>\n<meta name=\"twitter:card\" content=\"summary_large_image\" \/>\n<meta name=\"twitter:label1\" content=\"Dur\u00e9e de lecture estim\u00e9e\" \/>\n\t<meta name=\"twitter:data1\" content=\"4 minutes\" \/>\n<script type=\"application\/ld+json\" class=\"yoast-schema-graph\">{\"@context\":\"https:\/\/schema.org\",\"@graph\":[{\"@type\":\"WebPage\",\"@id\":\"https:\/\/www.lepalaisdesglaceslelavandou.com\/\",\"url\":\"https:\/\/www.lepalaisdesglaceslelavandou.com\/\",\"name\":\"Artisan Glacier - Le Palais des Glaces - Le Lavandou\",\"isPartOf\":{\"@id\":\"https:\/\/www.lepalaisdesglaceslelavandou.com\/#website\"},\"datePublished\":\"2023-01-18T14:35:34+00:00\",\"dateModified\":\"2023-03-07T21:41:39+00:00\",\"description\":\"Artisan glacier au Lavandou depuis 2016 nous vous proposons des cr\u00e8mes glac\u00e9es et des sorbets maisons sans colorant ni ar\u00f4me artificiel, \u00e0 base d\u2019ingr\u00e9dients de qualit\u00e9 et dans le respect du m\u00e9tier d\u2019artisan glacier.\",\"breadcrumb\":{\"@id\":\"https:\/\/www.lepalaisdesglaceslelavandou.com\/#breadcrumb\"},\"inLanguage\":\"fr-FR\",\"potentialAction\":[{\"@type\":\"ReadAction\",\"target\":[\"https:\/\/www.lepalaisdesglaceslelavandou.com\/\"]}]},{\"@type\":\"BreadcrumbList\",\"@id\":\"https:\/\/www.lepalaisdesglaceslelavandou.com\/#breadcrumb\",\"itemListElement\":[{\"@type\":\"ListItem\",\"position\":1,\"name\":\"Accueil\",\"item\":\"https:\/\/www.lepalaisdesglaceslelavandou.com\/\"},{\"@type\":\"ListItem\",\"position\":2,\"name\":\"ACCUEIL\"}]},{\"@type\":\"WebSite\",\"@id\":\"https:\/\/www.lepalaisdesglaceslelavandou.com\/#website\",\"url\":\"https:\/\/www.lepalaisdesglaceslelavandou.com\/\",\"name\":\"Le Palais des Glaces\",\"description\":\"\",\"publisher\":{\"@id\":\"https:\/\/www.lepalaisdesglaceslelavandou.com\/#organization\"},\"potentialAction\":[{\"@type\":\"SearchAction\",\"target\":{\"@type\":\"EntryPoint\",\"urlTemplate\":\"https:\/\/www.lepalaisdesglaceslelavandou.com\/?s={search_term_string}\"},\"query-input\":\"required name=search_term_string\"}],\"inLanguage\":\"fr-FR\"},{\"@type\":\"Organization\",\"@id\":\"https:\/\/www.lepalaisdesglaceslelavandou.com\/#organization\",\"name\":\"Le Palais des Glaces\",\"url\":\"https:\/\/www.lepalaisdesglaceslelavandou.com\/\",\"logo\":{\"@type\":\"ImageObject\",\"inLanguage\":\"fr-FR\",\"@id\":\"https:\/\/www.lepalaisdesglaceslelavandou.com\/#\/schema\/logo\/image\/\",\"url\":\"https:\/\/www.lepalaisdesglaceslelavandou.com\/wp-content\/uploads\/2023\/01\/cropped-logopalaisdesglaces-2.jpg\",\"contentUrl\":\"https:\/\/www.lepalaisdesglaceslelavandou.com\/wp-content\/uploads\/2023\/01\/cropped-logopalaisdesglaces-2.jpg\",\"width\":717,\"height\":712,\"caption\":\"Le Palais des Glaces\"},\"image\":{\"@id\":\"https:\/\/www.lepalaisdesglaceslelavandou.com\/#\/schema\/logo\/image\/\"}}]}<\/script>\n<!-- \/ Yoast SEO plugin. -->","yoast_head_json":{"title":"Artisan Glacier - Le Palais des Glaces - Le Lavandou","description":"Artisan glacier au Lavandou depuis 2016 nous vous proposons des cr\u00e8mes glac\u00e9es et des sorbets maisons sans colorant ni ar\u00f4me artificiel, \u00e0 base d\u2019ingr\u00e9dients de qualit\u00e9 et dans le respect du m\u00e9tier d\u2019artisan glacier.","robots":{"index":"index","follow":"follow","max-snippet":"max-snippet:-1","max-image-preview":"max-image-preview:large","max-video-preview":"max-video-preview:-1"},"canonical":"https:\/\/www.lepalaisdesglaceslelavandou.com\/","og_locale":"fr_FR","og_type":"article","og_title":"Artisan Glacier - Le Palais des Glaces - Le Lavandou","og_description":"Artisan glacier au Lavandou depuis 2016 nous vous proposons des cr\u00e8mes glac\u00e9es et des sorbets maisons sans colorant ni ar\u00f4me artificiel, \u00e0 base d\u2019ingr\u00e9dients de qualit\u00e9 et dans le respect du m\u00e9tier d\u2019artisan glacier.","og_url":"https:\/\/www.lepalaisdesglaceslelavandou.com\/","og_site_name":"Le Palais des Glaces","article_modified_time":"2023-03-07T21:41:39+00:00","og_image":[{"url":"http:\/\/www.lepalaisdesglaceslelavandou.com\/wp-content\/uploads\/2023\/01\/logopalaisdesglaces-300x300.jpg"}],"twitter_card":"summary_large_image","twitter_misc":{"Dur\u00e9e de lecture estim\u00e9e":"4 minutes"},"schema":{"@context":"https:\/\/schema.org","@graph":[{"@type":"WebPage","@id":"https:\/\/www.lepalaisdesglaceslelavandou.com\/","url":"https:\/\/www.lepalaisdesglaceslelavandou.com\/","name":"Artisan Glacier - Le Palais des Glaces - Le Lavandou","isPartOf":{"@id":"https:\/\/www.lepalaisdesglaceslelavandou.com\/#website"},"datePublished":"2023-01-18T14:35:34+00:00","dateModified":"2023-03-07T21:41:39+00:00","description":"Artisan glacier au Lavandou depuis 2016 nous vous proposons des cr\u00e8mes glac\u00e9es et des sorbets maisons sans colorant ni ar\u00f4me artificiel, \u00e0 base d\u2019ingr\u00e9dients de qualit\u00e9 et dans le respect du m\u00e9tier d\u2019artisan glacier.","breadcrumb":{"@id":"https:\/\/www.lepalaisdesglaceslelavandou.com\/#breadcrumb"},"inLanguage":"fr-FR","potentialAction":[{"@type":"ReadAction","target":["https:\/\/www.lepalaisdesglaceslelavandou.com\/"]}]},{"@type":"BreadcrumbList","@id":"https:\/\/www.lepalaisdesglaceslelavandou.com\/#breadcrumb","itemListElement":[{"@type":"ListItem","position":1,"name":"Accueil","item":"https:\/\/www.lepalaisdesglaceslelavandou.com\/"},{"@type":"ListItem","position":2,"name":"ACCUEIL"}]},{"@type":"WebSite","@id":"https:\/\/www.lepalaisdesglaceslelavandou.com\/#website","url":"https:\/\/www.lepalaisdesglaceslelavandou.com\/","name":"Le Palais des Glaces","description":"","publisher":{"@id":"https:\/\/www.lepalaisdesglaceslelavandou.com\/#organization"},"potentialAction":[{"@type":"SearchAction","target":{"@type":"EntryPoint","urlTemplate":"https:\/\/www.lepalaisdesglaceslelavandou.com\/?s={search_term_string}"},"query-input":"required name=search_term_string"}],"inLanguage":"fr-FR"},{"@type":"Organization","@id":"https:\/\/www.lepalaisdesglaceslelavandou.com\/#organization","name":"Le Palais des Glaces","url":"https:\/\/www.lepalaisdesglaceslelavandou.com\/","logo":{"@type":"ImageObject","inLanguage":"fr-FR","@id":"https:\/\/www.lepalaisdesglaceslelavandou.com\/#\/schema\/logo\/image\/","url":"https:\/\/www.lepalaisdesglaceslelavandou.com\/wp-content\/uploads\/2023\/01\/cropped-logopalaisdesglaces-2.jpg","contentUrl":"https:\/\/www.lepalaisdesglaceslelavandou.com\/wp-content\/uploads\/2023\/01\/cropped-logopalaisdesglaces-2.jpg","width":717,"height":712,"caption":"Le Palais des Glaces"},"image":{"@id":"https:\/\/www.lepalaisdesglaceslelavandou.com\/#\/schema\/logo\/image\/"}}]}},"_links":{"self":[{"href":"https:\/\/www.lepalaisdesglaceslelavandou.com\/index.php\/wp-json\/wp\/v2\/pages\/15","targetHints":{"allow":["GET"]}}],"collection":[{"href":"https:\/\/www.lepalaisdesglaceslelavandou.com\/index.php\/wp-json\/wp\/v2\/pages"}],"about":[{"href":"https:\/\/www.lepalaisdesglaceslelavandou.com\/index.php\/wp-json\/wp\/v2\/types\/page"}],"author":[{"embeddable":true,"href":"https:\/\/www.lepalaisdesglaceslelavandou.com\/index.php\/wp-json\/wp\/v2\/users\/1"}],"replies":[{"embeddable":true,"href":"https:\/\/www.lepalaisdesglaceslelavandou.com\/index.php\/wp-json\/wp\/v2\/comments?post=15"}],"version-history":[{"count":142,"href":"https:\/\/www.lepalaisdesglaceslelavandou.com\/index.php\/wp-json\/wp\/v2\/pages\/15\/revisions"}],"predecessor-version":[{"id":298,"href":"https:\/\/www.lepalaisdesglaceslelavandou.com\/index.php\/wp-json\/wp\/v2\/pages\/15\/revisions\/298"}],"wp:attachment":[{"href":"https:\/\/www.lepalaisdesglaceslelavandou.com\/index.php\/wp-json\/wp\/v2\/media?parent=15"}],"curies":[{"name":"wp","href":"https:\/\/api.w.org\/{rel}","templated":true}]}}