{"id":108,"date":"2023-01-22T20:53:32","date_gmt":"2023-01-22T19:53:32","guid":{"rendered":"http:\/\/bavqgmh.cluster029.hosting.ovh.net\/?page_id=108"},"modified":"2023-03-06T21:44:45","modified_gmt":"2023-03-06T20:44:45","slug":"nos-glaces","status":"publish","type":"page","link":"https:\/\/www.lepalaisdesglaceslelavandou.com\/index.php\/nos-glaces\/","title":{"rendered":"NOS GLACES"},"content":{"rendered":"\t\t<div data-elementor-type=\"wp-page\" data-elementor-id=\"108\" class=\"elementor elementor-108\">\n\t\t\t\t\t\t<section class=\"elementor-section elementor-top-section elementor-element elementor-element-a406489 elementor-section-boxed elementor-section-height-default elementor-section-height-default\" data-id=\"a406489\" data-element_type=\"section\" data-e-type=\"section\">\n\t\t\t\t\t\t<div class=\"elementor-container elementor-column-gap-default\">\n\t\t\t\t\t<div class=\"elementor-column elementor-col-100 elementor-top-column elementor-element elementor-element-4cebaac\" data-id=\"4cebaac\" data-element_type=\"column\" data-e-type=\"column\">\n\t\t\t<div class=\"elementor-widget-wrap elementor-element-populated\">\n\t\t\t\t\t\t<div class=\"elementor-element elementor-element-da0fed4 elementor-widget elementor-widget-text-editor\" data-id=\"da0fed4\" data-element_type=\"widget\" data-e-type=\"widget\" data-widget_type=\"text-editor.default\">\n\t\t\t\t<div class=\"elementor-widget-container\">\n\t\t\t\t\t\t\t\t\t<p><span data-contrast=\"auto\">Nous fabriquons nos glaces de mani\u00e8re artisanale, sans colorant ni ar\u00f4me artificiel, \u00e0 base d\u2019ingr\u00e9dients de qualit\u00e9 et dans le respect du m\u00e9tier de glacier.<\/span><\/p><p><span data-contrast=\"auto\">Nous proposons 48 parfums: 16 sorbets et 32 cr\u00e8mes glac\u00e9es.<\/span><\/p><p><span data-contrast=\"auto\">Nous effectuons une rotation sur les parfums 1 fois par semaine avec 3 nouveaut\u00e9s chaque ann\u00e9e. <\/span><span data-ccp-props=\"{&quot;201341983&quot;:0,&quot;335559739&quot;:160,&quot;335559740&quot;:259}\">\u00a0<\/span><\/p><p>\u00a0<\/p>\t\t\t\t\t\t\t\t<\/div>\n\t\t\t\t<\/div>\n\t\t\t\t<div class=\"elementor-element elementor-element-7d68512 elementor-widget elementor-widget-image\" data-id=\"7d68512\" data-element_type=\"widget\" data-e-type=\"widget\" data-widget_type=\"image.default\">\n\t\t\t\t<div class=\"elementor-widget-container\">\n\t\t\t\t\t\t\t\t\t\t\t\t\t\t\t<img fetchpriority=\"high\" decoding=\"async\" width=\"300\" height=\"300\" src=\"https:\/\/www.lepalaisdesglaceslelavandou.com\/wp-content\/uploads\/2023\/01\/glaceartisanglaciersorbet-300x300.jpg\" class=\"attachment-medium size-medium wp-image-11\" alt=\"glace artisan glacier sorbet Lavandou meilleur glacier artisan glacier\" srcset=\"https:\/\/www.lepalaisdesglaceslelavandou.com\/wp-content\/uploads\/2023\/01\/glaceartisanglaciersorbet-300x300.jpg 300w, https:\/\/www.lepalaisdesglaceslelavandou.com\/wp-content\/uploads\/2023\/01\/glaceartisanglaciersorbet-100x100.jpg 100w, https:\/\/www.lepalaisdesglaceslelavandou.com\/wp-content\/uploads\/2023\/01\/glaceartisanglaciersorbet-600x600.jpg 600w, https:\/\/www.lepalaisdesglaceslelavandou.com\/wp-content\/uploads\/2023\/01\/glaceartisanglaciersorbet-150x150.jpg 150w, https:\/\/www.lepalaisdesglaceslelavandou.com\/wp-content\/uploads\/2023\/01\/glaceartisanglaciersorbet-75x75.jpg 75w, https:\/\/www.lepalaisdesglaceslelavandou.com\/wp-content\/uploads\/2023\/01\/glaceartisanglaciersorbet.jpg 642w\" sizes=\"(max-width: 300px) 100vw, 300px\" \/>\t\t\t\t\t\t\t\t\t\t\t\t\t\t\t<\/div>\n\t\t\t\t<\/div>\n\t\t\t\t\t<\/div>\n\t\t<\/div>\n\t\t\t\t\t<\/div>\n\t\t<\/section>\n\t\t\t\t<section class=\"elementor-section elementor-top-section elementor-element elementor-element-2006d67 elementor-section-boxed elementor-section-height-default elementor-section-height-default\" data-id=\"2006d67\" data-element_type=\"section\" data-e-type=\"section\">\n\t\t\t\t\t\t<div class=\"elementor-container elementor-column-gap-default\">\n\t\t\t\t\t<div class=\"elementor-column elementor-col-100 elementor-top-column elementor-element elementor-element-cbc495c\" data-id=\"cbc495c\" data-element_type=\"column\" data-e-type=\"column\">\n\t\t\t<div class=\"elementor-widget-wrap elementor-element-populated\">\n\t\t\t\t\t\t<div class=\"elementor-element elementor-element-7f39785 elementor-widget elementor-widget-image\" data-id=\"7f39785\" data-element_type=\"widget\" data-e-type=\"widget\" data-widget_type=\"image.default\">\n\t\t\t\t<div class=\"elementor-widget-container\">\n\t\t\t\t\t\t\t\t\t\t\t\t\t\t\t<img decoding=\"async\" src=\"http:\/\/bavqgmh.cluster029.hosting.ovh.net\/wp-content\/uploads\/2023\/01\/Carte-Menu-Nardone.pdf\" title=\"\" alt=\"\" loading=\"lazy\" \/>\t\t\t\t\t\t\t\t\t\t\t\t\t\t\t<\/div>\n\t\t\t\t<\/div>\n\t\t\t\t\t<\/div>\n\t\t<\/div>\n\t\t\t\t\t<\/div>\n\t\t<\/section>\n\t\t\t\t<section class=\"elementor-section elementor-top-section elementor-element elementor-element-61bf83e elementor-section-boxed elementor-section-height-default elementor-section-height-default\" data-id=\"61bf83e\" data-element_type=\"section\" data-e-type=\"section\">\n\t\t\t\t\t\t<div class=\"elementor-container elementor-column-gap-default\">\n\t\t\t\t\t<div class=\"elementor-column elementor-col-100 elementor-top-column elementor-element elementor-element-459dc6f\" data-id=\"459dc6f\" data-element_type=\"column\" data-e-type=\"column\">\n\t\t\t<div class=\"elementor-widget-wrap elementor-element-populated\">\n\t\t\t\t\t\t<div class=\"elementor-element elementor-element-28c48c0 elementor-align-center elementor-widget elementor-widget-button\" data-id=\"28c48c0\" data-element_type=\"widget\" data-e-type=\"widget\" data-widget_type=\"button.default\">\n\t\t\t\t<div class=\"elementor-widget-container\">\n\t\t\t\t\t\t\t\t\t<div class=\"elementor-button-wrapper\">\n\t\t\t\t\t<a class=\"elementor-button elementor-button-link elementor-size-sm\" href=\"http:\/\/bavqgmh.cluster029.hosting.ovh.net\/wp-content\/uploads\/2023\/02\/carte-glaces-lepalaisdesglace-lelavandou-artisanglacier.pdf\" target=\"_blank\">\n\t\t\t\t\t\t<span class=\"elementor-button-content-wrapper\">\n\t\t\t\t\t\t\t\t\t<span class=\"elementor-button-text\">NOS GLACES<\/span>\n\t\t\t\t\t<\/span>\n\t\t\t\t\t<\/a>\n\t\t\t\t<\/div>\n\t\t\t\t\t\t\t\t<\/div>\n\t\t\t\t<\/div>\n\t\t\t\t\t<\/div>\n\t\t<\/div>\n\t\t\t\t\t<\/div>\n\t\t<\/section>\n\t\t\t\t<\/div>\n\t\t","protected":false},"excerpt":{"rendered":"<p>Nous fabriquons nos glaces de mani\u00e8re artisanale, sans colorant ni ar\u00f4me artificiel, \u00e0 base d\u2019ingr\u00e9dients de qualit\u00e9 et dans le respect du m\u00e9tier de glacier. Nous proposons 48 parfums: 16 sorbets et 32 cr\u00e8mes glac\u00e9es. Nous effectuons une rotation sur les parfums 1 fois par semaine avec 3 nouveaut\u00e9s chaque ann\u00e9e. &nbsp; NOS GLACES<\/p>\n","protected":false},"author":1,"featured_media":0,"parent":0,"menu_order":0,"comment_status":"closed","ping_status":"closed","template":"","meta":{"om_disable_all_campaigns":false,"_monsterinsights_skip_tracking":false,"_monsterinsights_sitenote_active":false,"_monsterinsights_sitenote_note":"","_monsterinsights_sitenote_category":0,"footnotes":""},"class_list":["post-108","page","type-page","status-publish","hentry"],"yoast_head":"<!-- This site is optimized with the Yoast SEO plugin v20.1 - https:\/\/yoast.com\/wordpress\/plugins\/seo\/ -->\n<title>NOS GLACES - Le Palais des Glaces - Le Lavandou<\/title>\n<meta name=\"description\" content=\"Nous fabriquons nos glaces de mani\u00e8re artisanale, sans colorant ni ar\u00f4me artificiel, \u00e0 base d\u2019ingr\u00e9dients de qualit\u00e9 et dans le respect du m\u00e9tier de glacier. Nous proposons 48 parfums: 16 sorbets et 32 cr\u00e8mes glac\u00e9es.\" \/>\n<meta name=\"robots\" content=\"index, follow, max-snippet:-1, max-image-preview:large, max-video-preview:-1\" \/>\n<link rel=\"canonical\" href=\"https:\/\/www.lepalaisdesglaceslelavandou.com\/index.php\/nos-glaces\/\" \/>\n<meta property=\"og:locale\" content=\"fr_FR\" \/>\n<meta property=\"og:type\" content=\"article\" \/>\n<meta property=\"og:title\" content=\"NOS GLACES - Le Palais des Glaces - Le Lavandou\" \/>\n<meta property=\"og:description\" content=\"Nous fabriquons nos glaces de mani\u00e8re artisanale, sans colorant ni ar\u00f4me artificiel, \u00e0 base d\u2019ingr\u00e9dients de qualit\u00e9 et dans le respect du m\u00e9tier de glacier. Nous proposons 48 parfums: 16 sorbets et 32 cr\u00e8mes glac\u00e9es.\" \/>\n<meta property=\"og:url\" content=\"https:\/\/www.lepalaisdesglaceslelavandou.com\/index.php\/nos-glaces\/\" \/>\n<meta property=\"og:site_name\" content=\"Le Palais des Glaces\" \/>\n<meta property=\"article:modified_time\" content=\"2023-03-06T20:44:45+00:00\" \/>\n<meta property=\"og:image\" content=\"http:\/\/bavqgmh.cluster029.hosting.ovh.net\/wp-content\/uploads\/2023\/01\/glaceartisanglaciersorbet-300x300.jpg\" \/>\n<meta name=\"twitter:card\" content=\"summary_large_image\" \/>\n<meta name=\"twitter:label1\" content=\"Dur\u00e9e de lecture estim\u00e9e\" \/>\n\t<meta name=\"twitter:data1\" content=\"1 minute\" \/>\n<script type=\"application\/ld+json\" class=\"yoast-schema-graph\">{\"@context\":\"https:\/\/schema.org\",\"@graph\":[{\"@type\":\"WebPage\",\"@id\":\"https:\/\/www.lepalaisdesglaceslelavandou.com\/index.php\/nos-glaces\/\",\"url\":\"https:\/\/www.lepalaisdesglaceslelavandou.com\/index.php\/nos-glaces\/\",\"name\":\"NOS GLACES - Le Palais des Glaces - Le Lavandou\",\"isPartOf\":{\"@id\":\"https:\/\/www.lepalaisdesglaceslelavandou.com\/#website\"},\"datePublished\":\"2023-01-22T19:53:32+00:00\",\"dateModified\":\"2023-03-06T20:44:45+00:00\",\"description\":\"Nous fabriquons nos glaces de mani\u00e8re artisanale, sans colorant ni ar\u00f4me artificiel, \u00e0 base d\u2019ingr\u00e9dients de qualit\u00e9 et dans le respect du m\u00e9tier de glacier. Nous proposons 48 parfums: 16 sorbets et 32 cr\u00e8mes glac\u00e9es.\",\"breadcrumb\":{\"@id\":\"https:\/\/www.lepalaisdesglaceslelavandou.com\/index.php\/nos-glaces\/#breadcrumb\"},\"inLanguage\":\"fr-FR\",\"potentialAction\":[{\"@type\":\"ReadAction\",\"target\":[\"https:\/\/www.lepalaisdesglaceslelavandou.com\/index.php\/nos-glaces\/\"]}]},{\"@type\":\"BreadcrumbList\",\"@id\":\"https:\/\/www.lepalaisdesglaceslelavandou.com\/index.php\/nos-glaces\/#breadcrumb\",\"itemListElement\":[{\"@type\":\"ListItem\",\"position\":1,\"name\":\"Accueil\",\"item\":\"https:\/\/www.lepalaisdesglaceslelavandou.com\/\"},{\"@type\":\"ListItem\",\"position\":2,\"name\":\"NOS GLACES\"}]},{\"@type\":\"WebSite\",\"@id\":\"https:\/\/www.lepalaisdesglaceslelavandou.com\/#website\",\"url\":\"https:\/\/www.lepalaisdesglaceslelavandou.com\/\",\"name\":\"Le Palais des Glaces\",\"description\":\"\",\"publisher\":{\"@id\":\"https:\/\/www.lepalaisdesglaceslelavandou.com\/#organization\"},\"potentialAction\":[{\"@type\":\"SearchAction\",\"target\":{\"@type\":\"EntryPoint\",\"urlTemplate\":\"https:\/\/www.lepalaisdesglaceslelavandou.com\/?s={search_term_string}\"},\"query-input\":\"required name=search_term_string\"}],\"inLanguage\":\"fr-FR\"},{\"@type\":\"Organization\",\"@id\":\"https:\/\/www.lepalaisdesglaceslelavandou.com\/#organization\",\"name\":\"Le Palais des Glaces\",\"url\":\"https:\/\/www.lepalaisdesglaceslelavandou.com\/\",\"logo\":{\"@type\":\"ImageObject\",\"inLanguage\":\"fr-FR\",\"@id\":\"https:\/\/www.lepalaisdesglaceslelavandou.com\/#\/schema\/logo\/image\/\",\"url\":\"https:\/\/www.lepalaisdesglaceslelavandou.com\/wp-content\/uploads\/2023\/01\/cropped-logopalaisdesglaces-2.jpg\",\"contentUrl\":\"https:\/\/www.lepalaisdesglaceslelavandou.com\/wp-content\/uploads\/2023\/01\/cropped-logopalaisdesglaces-2.jpg\",\"width\":717,\"height\":712,\"caption\":\"Le Palais des Glaces\"},\"image\":{\"@id\":\"https:\/\/www.lepalaisdesglaceslelavandou.com\/#\/schema\/logo\/image\/\"}}]}<\/script>\n<!-- \/ Yoast SEO plugin. -->","yoast_head_json":{"title":"NOS GLACES - Le Palais des Glaces - Le Lavandou","description":"Nous fabriquons nos glaces de mani\u00e8re artisanale, sans colorant ni ar\u00f4me artificiel, \u00e0 base d\u2019ingr\u00e9dients de qualit\u00e9 et dans le respect du m\u00e9tier de glacier. Nous proposons 48 parfums: 16 sorbets et 32 cr\u00e8mes glac\u00e9es.","robots":{"index":"index","follow":"follow","max-snippet":"max-snippet:-1","max-image-preview":"max-image-preview:large","max-video-preview":"max-video-preview:-1"},"canonical":"https:\/\/www.lepalaisdesglaceslelavandou.com\/index.php\/nos-glaces\/","og_locale":"fr_FR","og_type":"article","og_title":"NOS GLACES - Le Palais des Glaces - Le Lavandou","og_description":"Nous fabriquons nos glaces de mani\u00e8re artisanale, sans colorant ni ar\u00f4me artificiel, \u00e0 base d\u2019ingr\u00e9dients de qualit\u00e9 et dans le respect du m\u00e9tier de glacier. Nous proposons 48 parfums: 16 sorbets et 32 cr\u00e8mes glac\u00e9es.","og_url":"https:\/\/www.lepalaisdesglaceslelavandou.com\/index.php\/nos-glaces\/","og_site_name":"Le Palais des Glaces","article_modified_time":"2023-03-06T20:44:45+00:00","og_image":[{"url":"http:\/\/bavqgmh.cluster029.hosting.ovh.net\/wp-content\/uploads\/2023\/01\/glaceartisanglaciersorbet-300x300.jpg"}],"twitter_card":"summary_large_image","twitter_misc":{"Dur\u00e9e de lecture estim\u00e9e":"1 minute"},"schema":{"@context":"https:\/\/schema.org","@graph":[{"@type":"WebPage","@id":"https:\/\/www.lepalaisdesglaceslelavandou.com\/index.php\/nos-glaces\/","url":"https:\/\/www.lepalaisdesglaceslelavandou.com\/index.php\/nos-glaces\/","name":"NOS GLACES - Le Palais des Glaces - Le Lavandou","isPartOf":{"@id":"https:\/\/www.lepalaisdesglaceslelavandou.com\/#website"},"datePublished":"2023-01-22T19:53:32+00:00","dateModified":"2023-03-06T20:44:45+00:00","description":"Nous fabriquons nos glaces de mani\u00e8re artisanale, sans colorant ni ar\u00f4me artificiel, \u00e0 base d\u2019ingr\u00e9dients de qualit\u00e9 et dans le respect du m\u00e9tier de glacier. Nous proposons 48 parfums: 16 sorbets et 32 cr\u00e8mes glac\u00e9es.","breadcrumb":{"@id":"https:\/\/www.lepalaisdesglaceslelavandou.com\/index.php\/nos-glaces\/#breadcrumb"},"inLanguage":"fr-FR","potentialAction":[{"@type":"ReadAction","target":["https:\/\/www.lepalaisdesglaceslelavandou.com\/index.php\/nos-glaces\/"]}]},{"@type":"BreadcrumbList","@id":"https:\/\/www.lepalaisdesglaceslelavandou.com\/index.php\/nos-glaces\/#breadcrumb","itemListElement":[{"@type":"ListItem","position":1,"name":"Accueil","item":"https:\/\/www.lepalaisdesglaceslelavandou.com\/"},{"@type":"ListItem","position":2,"name":"NOS GLACES"}]},{"@type":"WebSite","@id":"https:\/\/www.lepalaisdesglaceslelavandou.com\/#website","url":"https:\/\/www.lepalaisdesglaceslelavandou.com\/","name":"Le Palais des Glaces","description":"","publisher":{"@id":"https:\/\/www.lepalaisdesglaceslelavandou.com\/#organization"},"potentialAction":[{"@type":"SearchAction","target":{"@type":"EntryPoint","urlTemplate":"https:\/\/www.lepalaisdesglaceslelavandou.com\/?s={search_term_string}"},"query-input":"required name=search_term_string"}],"inLanguage":"fr-FR"},{"@type":"Organization","@id":"https:\/\/www.lepalaisdesglaceslelavandou.com\/#organization","name":"Le Palais des Glaces","url":"https:\/\/www.lepalaisdesglaceslelavandou.com\/","logo":{"@type":"ImageObject","inLanguage":"fr-FR","@id":"https:\/\/www.lepalaisdesglaceslelavandou.com\/#\/schema\/logo\/image\/","url":"https:\/\/www.lepalaisdesglaceslelavandou.com\/wp-content\/uploads\/2023\/01\/cropped-logopalaisdesglaces-2.jpg","contentUrl":"https:\/\/www.lepalaisdesglaceslelavandou.com\/wp-content\/uploads\/2023\/01\/cropped-logopalaisdesglaces-2.jpg","width":717,"height":712,"caption":"Le Palais des Glaces"},"image":{"@id":"https:\/\/www.lepalaisdesglaceslelavandou.com\/#\/schema\/logo\/image\/"}}]}},"_links":{"self":[{"href":"https:\/\/www.lepalaisdesglaceslelavandou.com\/index.php\/wp-json\/wp\/v2\/pages\/108","targetHints":{"allow":["GET"]}}],"collection":[{"href":"https:\/\/www.lepalaisdesglaceslelavandou.com\/index.php\/wp-json\/wp\/v2\/pages"}],"about":[{"href":"https:\/\/www.lepalaisdesglaceslelavandou.com\/index.php\/wp-json\/wp\/v2\/types\/page"}],"author":[{"embeddable":true,"href":"https:\/\/www.lepalaisdesglaceslelavandou.com\/index.php\/wp-json\/wp\/v2\/users\/1"}],"replies":[{"embeddable":true,"href":"https:\/\/www.lepalaisdesglaceslelavandou.com\/index.php\/wp-json\/wp\/v2\/comments?post=108"}],"version-history":[{"count":23,"href":"https:\/\/www.lepalaisdesglaceslelavandou.com\/index.php\/wp-json\/wp\/v2\/pages\/108\/revisions"}],"predecessor-version":[{"id":276,"href":"https:\/\/www.lepalaisdesglaceslelavandou.com\/index.php\/wp-json\/wp\/v2\/pages\/108\/revisions\/276"}],"wp:attachment":[{"href":"https:\/\/www.lepalaisdesglaceslelavandou.com\/index.php\/wp-json\/wp\/v2\/media?parent=108"}],"curies":[{"name":"wp","href":"https:\/\/api.w.org\/{rel}","templated":true}]}}